{"id":140,"date":"2023-07-03T23:54:36","date_gmt":"2023-07-03T23:54:36","guid":{"rendered":"https:\/\/lasmariposaseventos.com\/inicio\/?page_id=140"},"modified":"2024-07-21T22:04:10","modified_gmt":"2024-07-21T22:04:10","slug":"sobre-nosotros","status":"publish","type":"page","link":"https:\/\/lasmariposaseventos.com\/inicio\/sobre-nosotros\/","title":{"rendered":"Sobre Nosotros"},"content":{"rendered":"\n<h2 class=\"wp-block-heading has-text-align-center has-pale-pink-color has-text-color\" style=\"font-size:39px;font-style:normal;font-weight:700\">Sobre Nosotros \u00abLas Mariposas Eventos\u00bb<\/h2>\n\n\n\n<div class=\"wp-block-columns is-layout-flex wp-container-core-columns-is-layout-28f84493 wp-block-columns-is-layout-flex\">\n<div class=\"wp-block-column is-layout-flow wp-block-column-is-layout-flow\">\n<figure class=\"wp-block-image size-full\"><img loading=\"lazy\" decoding=\"async\" width=\"720\" height=\"960\" src=\"https:\/\/lasmariposaseventos.com\/wp-content\/uploads\/2023\/07\/WhatsApp-Image-2023-07-01-at-16.24.41.jpeg\" alt=\"\" class=\"wp-image-141\" srcset=\"https:\/\/lasmariposaseventos.com\/wp-content\/uploads\/2023\/07\/WhatsApp-Image-2023-07-01-at-16.24.41.jpeg 720w, https:\/\/lasmariposaseventos.com\/wp-content\/uploads\/2023\/07\/WhatsApp-Image-2023-07-01-at-16.24.41-225x300.jpeg 225w\" sizes=\"auto, (max-width: 720px) 100vw, 720px\" \/><\/figure>\n<\/div>\n\n\n\n<div class=\"wp-block-column is-layout-flow wp-block-column-is-layout-flow\">\n<p>Las Mariposas Eventos, es un emprendimiento familiar.<\/p>\n\n\n\n<p>Nuestras instalaciones se encuentran a 30 km aproximadamente de Capital, con acceso por autopista Acceso Oeste.<\/p>\n\n\n\n<p>Contamos con un amplio Sal\u00f3n con capacidad para 250 personas. Pista de baile, equipada con efectos de luces y sonido.<\/p>\n\n\n\n<p>Adem\u00e1s para los que gustan de los espacios verdes al aire libre, hay un amplio parque con vegetaci\u00f3n variada y  con piscina para lograr el confort y comodidad de tus invitados.<\/p>\n\n\n\n<p><\/p>\n<\/div>\n<\/div>\n\n\n\n<div class=\"wp-block-columns is-layout-flex wp-container-core-columns-is-layout-28f84493 wp-block-columns-is-layout-flex\">\n<div class=\"wp-block-column is-layout-flow wp-block-column-is-layout-flow\">\n<h3 class=\"wp-block-heading has-pale-pink-color has-text-color has-large-font-size\" style=\"font-style:normal;font-weight:500\">Servicios<\/h3>\n\n\n\n<p>Disponemos del servicio de catering,  con una variedad de opciones de men\u00fa para cualquier tipo de evento. Tambi\u00e9n podes deleitar a tus invitados con nuestro men\u00fa de asado criollo, hecho por nuestro experto asador. Podes contar con el servicio de alojamiento de invitados,  tenemos especiales desayunos, coffee break, cenas, cocktails, finger food y muchas otras variantes.  Servicio de DJ y artistas exclusivos, fotograf\u00eda y filmaci\u00f3n, decoraci\u00f3n y mucho m\u00e1s.<\/p>\n<\/div>\n\n\n\n<div class=\"wp-block-column is-layout-flow wp-block-column-is-layout-flow\">\n<figure class=\"wp-block-image size-full\"><img loading=\"lazy\" decoding=\"async\" width=\"1000\" height=\"750\" src=\"https:\/\/lasmariposaseventos.com\/wp-content\/uploads\/2023\/07\/WhatsApp-Image-2023-06-30-at-14.21.37.jpeg\" alt=\"\" class=\"wp-image-147\" srcset=\"https:\/\/lasmariposaseventos.com\/wp-content\/uploads\/2023\/07\/WhatsApp-Image-2023-06-30-at-14.21.37.jpeg 1000w, https:\/\/lasmariposaseventos.com\/wp-content\/uploads\/2023\/07\/WhatsApp-Image-2023-06-30-at-14.21.37-300x225.jpeg 300w, https:\/\/lasmariposaseventos.com\/wp-content\/uploads\/2023\/07\/WhatsApp-Image-2023-06-30-at-14.21.37-768x576.jpeg 768w\" sizes=\"auto, (max-width: 1000px) 100vw, 1000px\" \/><\/figure>\n<\/div>\n<\/div>\n\n\n\n<div class=\"wp-block-columns is-layout-flex wp-container-core-columns-is-layout-28f84493 wp-block-columns-is-layout-flex\">\n<div class=\"wp-block-column is-layout-flow wp-block-column-is-layout-flow\">\n<figure class=\"wp-block-image size-large\"><img loading=\"lazy\" decoding=\"async\" width=\"1024\" height=\"576\" src=\"https:\/\/lasmariposaseventos.com\/wp-content\/uploads\/2023\/07\/WhatsApp-Image-2023-06-30-at-13.54.56-1024x576.jpeg\" alt=\"\" class=\"wp-image-149\" srcset=\"https:\/\/lasmariposaseventos.com\/wp-content\/uploads\/2023\/07\/WhatsApp-Image-2023-06-30-at-13.54.56-1024x576.jpeg 1024w, https:\/\/lasmariposaseventos.com\/wp-content\/uploads\/2023\/07\/WhatsApp-Image-2023-06-30-at-13.54.56-300x169.jpeg 300w, https:\/\/lasmariposaseventos.com\/wp-content\/uploads\/2023\/07\/WhatsApp-Image-2023-06-30-at-13.54.56-768x432.jpeg 768w, https:\/\/lasmariposaseventos.com\/wp-content\/uploads\/2023\/07\/WhatsApp-Image-2023-06-30-at-13.54.56-1536x864.jpeg 1536w, https:\/\/lasmariposaseventos.com\/wp-content\/uploads\/2023\/07\/WhatsApp-Image-2023-06-30-at-13.54.56.jpeg 1599w\" sizes=\"auto, (max-width: 1024px) 100vw, 1024px\" \/><\/figure>\n<\/div>\n\n\n\n<div class=\"wp-block-column is-layout-flow wp-block-column-is-layout-flow\">\n<p>Solicita presupuesto.<\/p>\n\n\n\n<p>Reserva una cita.<\/p>\n\n\n\n<p>\u00a1Sacate todas las dudas!<\/p>\n\n\n\n<div class=\"wp-block-buttons is-content-justification-center is-layout-flex wp-container-core-buttons-is-layout-86e1f5e2 wp-block-buttons-is-layout-flex\">\n<div class=\"wp-block-button has-custom-width wp-block-button__width-75 is-style-outline is-style-outline--1\" style=\"font-style:normal;font-weight:700\"><a class=\"wp-block-button__link has-white-color has-ast-global-color-7-background-color has-text-color has-background wp-element-button\" href=\"https:\/\/lasmariposaseventos.com\/inicio\/citas-y-reservas\/#wpcf7-f159-p71-o1\" style=\"border-radius:14px;padding-top:var(--wp--preset--spacing--20);padding-right:var(--wp--preset--spacing--20);padding-bottom:var(--wp--preset--spacing--20);padding-left:var(--wp--preset--spacing--20)\">Reservar<\/a><\/div>\n<\/div>\n<\/div>\n<\/div>\n","protected":false},"excerpt":{"rendered":"<p>Sobre Nosotros \u00abLas Mariposas Eventos\u00bb Las Mariposas Eventos, es un emprendimiento familiar. Nuestras instalaciones se encuentran a 30 km aproximadamente de Capital, con acceso por autopista Acceso Oeste. Contamos con un amplio Sal\u00f3n con capacidad para 250 personas. Pista de baile, equipada con efectos de luces y sonido. Adem\u00e1s para los que gustan de los &hellip;<\/p>\n<p class=\"read-more\"> <a class=\"\" href=\"https:\/\/lasmariposaseventos.com\/inicio\/sobre-nosotros\/\"> <span class=\"screen-reader-text\">Sobre Nosotros<\/span> Leer m\u00e1s &raquo;<\/a><\/p>\n","protected":false},"author":1,"featured_media":0,"parent":0,"menu_order":0,"comment_status":"closed","ping_status":"closed","template":"","meta":{"site-sidebar-layout":"default","site-content-layout":"default","ast-global-header-display":"","ast-banner-title-visibility":"","ast-main-header-display":"","ast-hfb-above-header-display":"","ast-hfb-below-header-display":"","ast-hfb-mobile-header-display":"","site-post-title":"disabled","ast-breadcrumbs-content":"","ast-featured-img":"","footer-sml-layout":"","theme-transparent-header-meta":"","adv-header-id-meta":"","stick-header-meta":"","header-above-stick-meta":"","header-main-stick-meta":"","header-below-stick-meta":"","footnotes":""},"class_list":["post-140","page","type-page","status-publish","hentry"],"yoast_head":"<!-- This site is optimized with the Yoast SEO plugin v23.3 - https:\/\/yoast.com\/wordpress\/plugins\/seo\/ -->\n<title>Sobre Nosotros<\/title>\n<meta name=\"description\" content=\"Sal\u00f3n para Eventos, Casamientos, Cumplea\u00f1os, Fiestas Infantiles, Empresariales, Quinta pileta, piscina, al aire libre, Alquiler, zona Oeste\" \/>\n<meta name=\"robots\" content=\"index, follow, max-snippet:-1, max-image-preview:large, max-video-preview:-1\" \/>\n<link rel=\"canonical\" href=\"https:\/\/lasmariposaseventos.com\/inicio\/sobre-nosotros\/\" \/>\n<meta property=\"og:locale\" content=\"es_ES\" \/>\n<meta property=\"og:type\" content=\"article\" \/>\n<meta property=\"og:title\" content=\"Sobre Nosotros\" \/>\n<meta property=\"og:description\" content=\"Sal\u00f3n para Eventos, Casamientos, Cumplea\u00f1os, Fiestas Infantiles, Empresariales, Quinta pileta, piscina, al aire libre, Alquiler, zona Oeste\" \/>\n<meta property=\"og:url\" content=\"https:\/\/lasmariposaseventos.com\/inicio\/sobre-nosotros\/\" \/>\n<meta property=\"og:site_name\" content=\"Las Mariposas Eventos\" \/>\n<meta property=\"article:modified_time\" content=\"2024-07-21T22:04:10+00:00\" \/>\n<meta property=\"og:image\" content=\"https:\/\/lasmariposaseventos.com\/wp-content\/uploads\/2023\/07\/WhatsApp-Image-2023-07-01-at-16.24.41.jpeg\" \/>\n<meta name=\"twitter:card\" content=\"summary_large_image\" \/>\n<meta name=\"twitter:label1\" content=\"Tiempo de lectura\" \/>\n\t<meta name=\"twitter:data1\" content=\"2 minutos\" \/>\n<script type=\"application\/ld+json\" class=\"yoast-schema-graph\">{\"@context\":\"https:\/\/schema.org\",\"@graph\":[{\"@type\":\"WebPage\",\"@id\":\"https:\/\/lasmariposaseventos.com\/inicio\/sobre-nosotros\/\",\"url\":\"https:\/\/lasmariposaseventos.com\/inicio\/sobre-nosotros\/\",\"name\":\"Sobre Nosotros\",\"isPartOf\":{\"@id\":\"https:\/\/lasmariposaseventos.com\/inicio\/#website\"},\"primaryImageOfPage\":{\"@id\":\"https:\/\/lasmariposaseventos.com\/inicio\/sobre-nosotros\/#primaryimage\"},\"image\":{\"@id\":\"https:\/\/lasmariposaseventos.com\/inicio\/sobre-nosotros\/#primaryimage\"},\"thumbnailUrl\":\"https:\/\/lasmariposaseventos.com\/wp-content\/uploads\/2023\/07\/WhatsApp-Image-2023-07-01-at-16.24.41.jpeg\",\"datePublished\":\"2023-07-03T23:54:36+00:00\",\"dateModified\":\"2024-07-21T22:04:10+00:00\",\"description\":\"Sal\u00f3n para Eventos, Casamientos, Cumplea\u00f1os, Fiestas Infantiles, Empresariales, Quinta pileta, piscina, al aire libre, Alquiler, zona Oeste\",\"breadcrumb\":{\"@id\":\"https:\/\/lasmariposaseventos.com\/inicio\/sobre-nosotros\/#breadcrumb\"},\"inLanguage\":\"es\",\"potentialAction\":[{\"@type\":\"ReadAction\",\"target\":[\"https:\/\/lasmariposaseventos.com\/inicio\/sobre-nosotros\/\"]}]},{\"@type\":\"ImageObject\",\"inLanguage\":\"es\",\"@id\":\"https:\/\/lasmariposaseventos.com\/inicio\/sobre-nosotros\/#primaryimage\",\"url\":\"https:\/\/lasmariposaseventos.com\/wp-content\/uploads\/2023\/07\/WhatsApp-Image-2023-07-01-at-16.24.41.jpeg\",\"contentUrl\":\"https:\/\/lasmariposaseventos.com\/wp-content\/uploads\/2023\/07\/WhatsApp-Image-2023-07-01-at-16.24.41.jpeg\"},{\"@type\":\"BreadcrumbList\",\"@id\":\"https:\/\/lasmariposaseventos.com\/inicio\/sobre-nosotros\/#breadcrumb\",\"itemListElement\":[{\"@type\":\"ListItem\",\"position\":1,\"name\":\"Portada\",\"item\":\"https:\/\/lasmariposaseventos.com\/inicio\/\"},{\"@type\":\"ListItem\",\"position\":2,\"name\":\"Sobre Nosotros\"}]},{\"@type\":\"WebSite\",\"@id\":\"https:\/\/lasmariposaseventos.com\/inicio\/#website\",\"url\":\"https:\/\/lasmariposaseventos.com\/inicio\/\",\"name\":\"Las Mariposas Eventos\",\"description\":\"Sal\u00f3n de fiestas y eventos especiales\",\"potentialAction\":[{\"@type\":\"SearchAction\",\"target\":{\"@type\":\"EntryPoint\",\"urlTemplate\":\"https:\/\/lasmariposaseventos.com\/inicio\/?s={search_term_string}\"},\"query-input\":\"required name=search_term_string\"}],\"inLanguage\":\"es\"},{\"@type\":\"Person\",\"@id\":\"https:\/\/lasmariposaseventos.com\/inicio\/#\/schema\/person\/8992a346ad16f96dc1d4364319a70c82\",\"name\":\"ferchu.fr\",\"image\":{\"@type\":\"ImageObject\",\"inLanguage\":\"es\",\"@id\":\"https:\/\/lasmariposaseventos.com\/inicio\/#\/schema\/person\/image\/\",\"url\":\"https:\/\/secure.gravatar.com\/avatar\/b6eb79b060c313b9e42ac71bb233488f5e16aef9ce9901686fe717fc0ca63b1f?s=96&d=mm&r=g\",\"contentUrl\":\"https:\/\/secure.gravatar.com\/avatar\/b6eb79b060c313b9e42ac71bb233488f5e16aef9ce9901686fe717fc0ca63b1f?s=96&d=mm&r=g\",\"caption\":\"ferchu.fr\"},\"sameAs\":[\"https:\/\/lasmariposaseventos.com\"],\"url\":\"https:\/\/lasmariposaseventos.com\/inicio\/author\/ferchu-fr\/\"}]}<\/script>\n<!-- \/ Yoast SEO plugin. -->","yoast_head_json":{"title":"Sobre Nosotros","description":"Sal\u00f3n para Eventos, Casamientos, Cumplea\u00f1os, Fiestas Infantiles, Empresariales, Quinta pileta, piscina, al aire libre, Alquiler, zona Oeste","robots":{"index":"index","follow":"follow","max-snippet":"max-snippet:-1","max-image-preview":"max-image-preview:large","max-video-preview":"max-video-preview:-1"},"canonical":"https:\/\/lasmariposaseventos.com\/inicio\/sobre-nosotros\/","og_locale":"es_ES","og_type":"article","og_title":"Sobre Nosotros","og_description":"Sal\u00f3n para Eventos, Casamientos, Cumplea\u00f1os, Fiestas Infantiles, Empresariales, Quinta pileta, piscina, al aire libre, Alquiler, zona Oeste","og_url":"https:\/\/lasmariposaseventos.com\/inicio\/sobre-nosotros\/","og_site_name":"Las Mariposas Eventos","article_modified_time":"2024-07-21T22:04:10+00:00","og_image":[{"url":"https:\/\/lasmariposaseventos.com\/wp-content\/uploads\/2023\/07\/WhatsApp-Image-2023-07-01-at-16.24.41.jpeg"}],"twitter_card":"summary_large_image","twitter_misc":{"Tiempo de lectura":"2 minutos"},"schema":{"@context":"https:\/\/schema.org","@graph":[{"@type":"WebPage","@id":"https:\/\/lasmariposaseventos.com\/inicio\/sobre-nosotros\/","url":"https:\/\/lasmariposaseventos.com\/inicio\/sobre-nosotros\/","name":"Sobre Nosotros","isPartOf":{"@id":"https:\/\/lasmariposaseventos.com\/inicio\/#website"},"primaryImageOfPage":{"@id":"https:\/\/lasmariposaseventos.com\/inicio\/sobre-nosotros\/#primaryimage"},"image":{"@id":"https:\/\/lasmariposaseventos.com\/inicio\/sobre-nosotros\/#primaryimage"},"thumbnailUrl":"https:\/\/lasmariposaseventos.com\/wp-content\/uploads\/2023\/07\/WhatsApp-Image-2023-07-01-at-16.24.41.jpeg","datePublished":"2023-07-03T23:54:36+00:00","dateModified":"2024-07-21T22:04:10+00:00","description":"Sal\u00f3n para Eventos, Casamientos, Cumplea\u00f1os, Fiestas Infantiles, Empresariales, Quinta pileta, piscina, al aire libre, Alquiler, zona Oeste","breadcrumb":{"@id":"https:\/\/lasmariposaseventos.com\/inicio\/sobre-nosotros\/#breadcrumb"},"inLanguage":"es","potentialAction":[{"@type":"ReadAction","target":["https:\/\/lasmariposaseventos.com\/inicio\/sobre-nosotros\/"]}]},{"@type":"ImageObject","inLanguage":"es","@id":"https:\/\/lasmariposaseventos.com\/inicio\/sobre-nosotros\/#primaryimage","url":"https:\/\/lasmariposaseventos.com\/wp-content\/uploads\/2023\/07\/WhatsApp-Image-2023-07-01-at-16.24.41.jpeg","contentUrl":"https:\/\/lasmariposaseventos.com\/wp-content\/uploads\/2023\/07\/WhatsApp-Image-2023-07-01-at-16.24.41.jpeg"},{"@type":"BreadcrumbList","@id":"https:\/\/lasmariposaseventos.com\/inicio\/sobre-nosotros\/#breadcrumb","itemListElement":[{"@type":"ListItem","position":1,"name":"Portada","item":"https:\/\/lasmariposaseventos.com\/inicio\/"},{"@type":"ListItem","position":2,"name":"Sobre Nosotros"}]},{"@type":"WebSite","@id":"https:\/\/lasmariposaseventos.com\/inicio\/#website","url":"https:\/\/lasmariposaseventos.com\/inicio\/","name":"Las Mariposas Eventos","description":"Sal\u00f3n de fiestas y eventos especiales","potentialAction":[{"@type":"SearchAction","target":{"@type":"EntryPoint","urlTemplate":"https:\/\/lasmariposaseventos.com\/inicio\/?s={search_term_string}"},"query-input":"required name=search_term_string"}],"inLanguage":"es"},{"@type":"Person","@id":"https:\/\/lasmariposaseventos.com\/inicio\/#\/schema\/person\/8992a346ad16f96dc1d4364319a70c82","name":"ferchu.fr","image":{"@type":"ImageObject","inLanguage":"es","@id":"https:\/\/lasmariposaseventos.com\/inicio\/#\/schema\/person\/image\/","url":"https:\/\/secure.gravatar.com\/avatar\/b6eb79b060c313b9e42ac71bb233488f5e16aef9ce9901686fe717fc0ca63b1f?s=96&d=mm&r=g","contentUrl":"https:\/\/secure.gravatar.com\/avatar\/b6eb79b060c313b9e42ac71bb233488f5e16aef9ce9901686fe717fc0ca63b1f?s=96&d=mm&r=g","caption":"ferchu.fr"},"sameAs":["https:\/\/lasmariposaseventos.com"],"url":"https:\/\/lasmariposaseventos.com\/inicio\/author\/ferchu-fr\/"}]}},"_links":{"self":[{"href":"https:\/\/lasmariposaseventos.com\/inicio\/wp-json\/wp\/v2\/pages\/140","targetHints":{"allow":["GET"]}}],"collection":[{"href":"https:\/\/lasmariposaseventos.com\/inicio\/wp-json\/wp\/v2\/pages"}],"about":[{"href":"https:\/\/lasmariposaseventos.com\/inicio\/wp-json\/wp\/v2\/types\/page"}],"author":[{"embeddable":true,"href":"https:\/\/lasmariposaseventos.com\/inicio\/wp-json\/wp\/v2\/users\/1"}],"replies":[{"embeddable":true,"href":"https:\/\/lasmariposaseventos.com\/inicio\/wp-json\/wp\/v2\/comments?post=140"}],"version-history":[{"count":8,"href":"https:\/\/lasmariposaseventos.com\/inicio\/wp-json\/wp\/v2\/pages\/140\/revisions"}],"predecessor-version":[{"id":211,"href":"https:\/\/lasmariposaseventos.com\/inicio\/wp-json\/wp\/v2\/pages\/140\/revisions\/211"}],"wp:attachment":[{"href":"https:\/\/lasmariposaseventos.com\/inicio\/wp-json\/wp\/v2\/media?parent=140"}],"curies":[{"name":"wp","href":"https:\/\/api.w.org\/{rel}","templated":true}]}}