{"id":69,"date":"2023-07-02T02:20:07","date_gmt":"2023-07-02T02:20:07","guid":{"rendered":"https:\/\/lasmariposaseventos.com\/inicio\/?page_id=69"},"modified":"2024-08-08T16:07:35","modified_gmt":"2024-08-08T16:07:35","slug":"inicio","status":"publish","type":"page","link":"https:\/\/lasmariposaseventos.com\/inicio\/","title":{"rendered":"Inicio"},"content":{"rendered":"\n<h2 class=\"wp-block-heading has-black-color has-text-color\" style=\"font-size:53px;font-style:normal;font-weight:600\">Las Mariposas Eventos<\/h2>\n\n\n\n<div class=\"wp-block-columns is-layout-flex wp-container-core-columns-is-layout-28f84493 wp-block-columns-is-layout-flex\">\n<div class=\"wp-block-column is-layout-flow wp-block-column-is-layout-flow\">\n<h2 class=\"wp-block-heading has-pale-pink-color has-text-color\" style=\"font-size:26px\">\u00a1Viv\u00ed una experiencia inolvidable!<\/h2>\n<\/div>\n<\/div>\n\n\n\n<figure class=\"wp-block-video\"><video height=\"720\" style=\"aspect-ratio: 1280 \/ 720;\" width=\"1280\" autoplay src=\"https:\/\/lasmariposaseventos.com\/wp-content\/uploads\/2023\/07\/0703-1.mp4\" playsinline><\/video><\/figure>\n\n\n\n<p><\/p>\n\n\n\n<div class=\"wp-block-columns is-layout-flex wp-container-core-columns-is-layout-28f84493 wp-block-columns-is-layout-flex\">\n<div class=\"wp-block-column is-layout-flow wp-block-column-is-layout-flow\">\n<figure class=\"wp-block-image size-large is-resized\"><img loading=\"lazy\" decoding=\"async\" width=\"1024\" height=\"466\" src=\"https:\/\/lasmariposaseventos.com\/wp-content\/uploads\/2023\/07\/me4-1024x466.png\" alt=\"\" class=\"wp-image-82\" style=\"width:447px;height:203px\" srcset=\"https:\/\/lasmariposaseventos.com\/wp-content\/uploads\/2023\/07\/me4-1024x466.png 1024w, https:\/\/lasmariposaseventos.com\/wp-content\/uploads\/2023\/07\/me4-300x136.png 300w, https:\/\/lasmariposaseventos.com\/wp-content\/uploads\/2023\/07\/me4-768x349.png 768w, https:\/\/lasmariposaseventos.com\/wp-content\/uploads\/2023\/07\/me4.png 1359w\" sizes=\"auto, (max-width: 1024px) 100vw, 1024px\" \/><\/figure>\n<\/div>\n\n\n\n<div class=\"wp-block-column is-layout-flow wp-block-column-is-layout-flow\">\n<p><\/p>\n\n\n\n<p>Festejar tu fiesta en nuestro sal\u00f3n es una experiencia inolvidable. <\/p>\n<\/div>\n<\/div>\n\n\n\n<div class=\"wp-block-columns is-layout-flex wp-container-core-columns-is-layout-28f84493 wp-block-columns-is-layout-flex\">\n<div class=\"wp-block-column is-layout-flow wp-block-column-is-layout-flow\">\n<figure class=\"wp-block-gallery has-nested-images columns-default is-cropped wp-block-gallery-1 is-layout-flex wp-block-gallery-is-layout-flex\">\n<figure class=\"wp-block-image size-large\"><img loading=\"lazy\" decoding=\"async\" width=\"1024\" height=\"576\" data-id=\"85\" src=\"https:\/\/lasmariposaseventos.com\/wp-content\/uploads\/2023\/07\/WhatsApp-Image-2023-06-30-at-13.54.55-1024x576.jpeg\" alt=\"\" class=\"wp-image-85\" srcset=\"https:\/\/lasmariposaseventos.com\/wp-content\/uploads\/2023\/07\/WhatsApp-Image-2023-06-30-at-13.54.55-1024x576.jpeg 1024w, https:\/\/lasmariposaseventos.com\/wp-content\/uploads\/2023\/07\/WhatsApp-Image-2023-06-30-at-13.54.55-300x169.jpeg 300w, https:\/\/lasmariposaseventos.com\/wp-content\/uploads\/2023\/07\/WhatsApp-Image-2023-06-30-at-13.54.55-768x432.jpeg 768w, https:\/\/lasmariposaseventos.com\/wp-content\/uploads\/2023\/07\/WhatsApp-Image-2023-06-30-at-13.54.55-1536x864.jpeg 1536w, https:\/\/lasmariposaseventos.com\/wp-content\/uploads\/2023\/07\/WhatsApp-Image-2023-06-30-at-13.54.55.jpeg 1599w\" sizes=\"auto, (max-width: 1024px) 100vw, 1024px\" \/><\/figure>\n<\/figure>\n<\/div>\n\n\n\n<div class=\"wp-block-column is-layout-flow wp-block-column-is-layout-flow\">\n<p>Si te gusta lo verde, lo natural, contamos con un parque al aire libre. <\/p>\n<\/div>\n<\/div>\n\n\n\n<div class=\"wp-block-columns is-layout-flex wp-container-core-columns-is-layout-28f84493 wp-block-columns-is-layout-flex\">\n<div class=\"wp-block-column is-layout-flow wp-block-column-is-layout-flow\">\n<figure class=\"wp-block-gallery has-nested-images columns-default is-cropped wp-block-gallery-2 is-layout-flex wp-block-gallery-is-layout-flex\">\n<figure class=\"wp-block-image size-full\"><img loading=\"lazy\" decoding=\"async\" width=\"768\" height=\"1024\" data-id=\"87\" src=\"https:\/\/lasmariposaseventos.com\/wp-content\/uploads\/2023\/07\/WhatsApp-Image-2023-06-30-at-14.10.22.jpeg\" alt=\"\" class=\"wp-image-87\" srcset=\"https:\/\/lasmariposaseventos.com\/wp-content\/uploads\/2023\/07\/WhatsApp-Image-2023-06-30-at-14.10.22.jpeg 768w, https:\/\/lasmariposaseventos.com\/wp-content\/uploads\/2023\/07\/WhatsApp-Image-2023-06-30-at-14.10.22-225x300.jpeg 225w\" sizes=\"auto, (max-width: 768px) 100vw, 768px\" \/><\/figure>\n<\/figure>\n<\/div>\n\n\n\n<div class=\"wp-block-column is-layout-flow wp-block-column-is-layout-flow\">\n<p><span style=\"color: rgb(24, 41, 50); font-family: Raleway, sans-serif; font-size: 14px; white-space-collapse: collapse;\">Tenemos opciones variadas de men\u00fa&nbsp; para cualquier tipo de evento. Tambi\u00e9n podes deleitar a tus invitados con nuestro men\u00fa de asado criollo, hecho por nuestro experto asador. Y si tu evento es corporativo tenemos especiales desayunos, coffee break, cenas, cocktails, finger food y muchas otras variantes.<\/span><\/p>\n<\/div>\n<\/div>\n\n\n\n<div class=\"wp-block-columns is-layout-flex wp-container-core-columns-is-layout-28f84493 wp-block-columns-is-layout-flex\">\n<div class=\"wp-block-column is-layout-flow wp-block-column-is-layout-flow\">\n<h2 class=\"wp-block-heading has-pale-pink-color has-text-color\">Eleg\u00ed la fecha para tu fiesta<\/h2>\n<\/div>\n<\/div>\n\n\n\n<div class=\"wp-block-columns is-layout-flex wp-container-core-columns-is-layout-28f84493 wp-block-columns-is-layout-flex\">\n<div class=\"wp-block-column is-layout-flow wp-block-column-is-layout-flow\">\n<div class=\"wp-block-group is-nowrap is-layout-flex wp-container-core-group-is-layout-6c531013 wp-block-group-is-layout-flex\">\n<div class=\"wp-block-contact-form-7-contact-form-selector\">\n<div class=\"wpcf7 no-js\" id=\"wpcf7-f159-o1\" lang=\"es-ES\" dir=\"ltr\" data-wpcf7-id=\"159\">\n<div class=\"screen-reader-response\"><p role=\"status\" aria-live=\"polite\" aria-atomic=\"true\"><\/p> <ul><\/ul><\/div>\n<form action=\"\/inicio\/wp-json\/wp\/v2\/pages\/69#wpcf7-f159-o1\" method=\"post\" class=\"wpcf7-form init\" aria-label=\"Formulario de contacto\" novalidate=\"novalidate\" data-status=\"init\">\n<div style=\"display: none;\">\n<input type=\"hidden\" name=\"_wpcf7\" value=\"159\" \/>\n<input type=\"hidden\" name=\"_wpcf7_version\" value=\"6.0.2\" \/>\n<input type=\"hidden\" name=\"_wpcf7_locale\" value=\"es_ES\" \/>\n<input type=\"hidden\" name=\"_wpcf7_unit_tag\" value=\"wpcf7-f159-o1\" \/>\n<input type=\"hidden\" name=\"_wpcf7_container_post\" value=\"0\" \/>\n<input type=\"hidden\" name=\"_wpcf7_posted_data_hash\" value=\"\" \/>\n<input type=\"hidden\" name=\"_wpcf7_recaptcha_response\" value=\"\" \/>\n<\/div>\n<p><label>Elige la fecha que consultas para realizar el evento:<span class=\"wpcf7-form-control-wrap\" data-name=\"date-826\"><input class=\"wpcf7-form-control wpcf7-date wpcf7-validates-as-required wpcf7-validates-as-date\" aria-required=\"true\" aria-invalid=\"false\" value=\"\" type=\"date\" name=\"date-826\" \/><\/span><\/label><br \/>\n<label>Ingresa tu Nombre completo: <span class=\"wpcf7-form-control-wrap\" data-name=\"text-35\"><input size=\"40\" maxlength=\"400\" class=\"wpcf7-form-control wpcf7-text\" aria-invalid=\"false\" value=\"\" type=\"text\" name=\"text-35\" \/><\/span> <\/label><br \/>\n<label>Ingresa tu correo <span class=\"wpcf7-form-control-wrap\" data-name=\"email-664\"><input size=\"40\" maxlength=\"400\" class=\"wpcf7-form-control wpcf7-email wpcf7-text wpcf7-validates-as-email\" aria-invalid=\"false\" value=\"\" type=\"email\" name=\"email-664\" \/><\/span><\/label><br \/>\n<label>Ingresa tu Telefono <span class=\"wpcf7-form-control-wrap\" data-name=\"tel-484\"><input size=\"40\" maxlength=\"400\" class=\"wpcf7-form-control wpcf7-tel wpcf7-text wpcf7-validates-as-tel\" aria-invalid=\"false\" value=\"\" type=\"tel\" name=\"tel-484\" \/><\/span><\/label><br \/>\n<label>Marca el tipo de evento que deseas realizar <\/label><br \/>\n<span class=\"wpcf7-form-control-wrap\" data-name=\"checkbox-113\"><span class=\"wpcf7-form-control wpcf7-checkbox wpcf7-exclusive-checkbox\"><span class=\"wpcf7-list-item first\"><label><input type=\"checkbox\" name=\"checkbox-113\" value=\"15 a\u00f1os\" \/><span class=\"wpcf7-list-item-label\">15 a\u00f1os<\/span><\/label><\/span><span class=\"wpcf7-list-item\"><label><input type=\"checkbox\" name=\"checkbox-113\" value=\"Casamiento\" \/><span class=\"wpcf7-list-item-label\">Casamiento<\/span><\/label><\/span><span class=\"wpcf7-list-item\"><label><input type=\"checkbox\" name=\"checkbox-113\" value=\"Bautismo\" \/><span class=\"wpcf7-list-item-label\">Bautismo<\/span><\/label><\/span><span class=\"wpcf7-list-item\"><label><input type=\"checkbox\" name=\"checkbox-113\" value=\"Aniversario\" \/><span class=\"wpcf7-list-item-label\">Aniversario<\/span><\/label><\/span><span class=\"wpcf7-list-item\"><label><input type=\"checkbox\" name=\"checkbox-113\" value=\"Cumplea\u00f1os\" \/><span class=\"wpcf7-list-item-label\">Cumplea\u00f1os<\/span><\/label><\/span><span class=\"wpcf7-list-item last\"><label><input type=\"checkbox\" name=\"checkbox-113\" value=\"Fiesta Infantil\" \/><span class=\"wpcf7-list-item-label\">Fiesta Infantil<\/span><\/label><\/span><\/span><\/span><br \/>\n<input class=\"wpcf7-form-control wpcf7-submit has-spinner\" type=\"submit\" value=\"Enviar\" \/>\n<\/p><div class=\"wpcf7-response-output\" aria-hidden=\"true\"><\/div>\n<\/form>\n<\/div>\n<\/div>\n\n\n\n<figure class=\"wp-block-image size-full wp-duotone-unset-3\"><img loading=\"lazy\" decoding=\"async\" width=\"164\" height=\"164\" src=\"https:\/\/lasmariposaseventos.com\/wp-content\/uploads\/2024\/07\/mariposas.jpg\" alt=\"\" class=\"wp-image-206\" srcset=\"https:\/\/lasmariposaseventos.com\/wp-content\/uploads\/2024\/07\/mariposas.jpg 164w, https:\/\/lasmariposaseventos.com\/wp-content\/uploads\/2024\/07\/mariposas-150x150.jpg 150w\" sizes=\"auto, (max-width: 164px) 100vw, 164px\" \/><\/figure>\n<\/div>\n\n\n\n<div class=\"wp-block-group is-nowrap is-layout-flex wp-container-core-group-is-layout-6c531013 wp-block-group-is-layout-flex\"><\/div>\n<\/div>\n<\/div>\n\n\n\n<pre class=\"ti-widget\" style=\"display: none\"><div class=\"ti-widget ti-goog ti-review-text-mode-readmore ti-text-align-left\" data-no-translation=\"true\" data-layout-id=\"16\" data-set-id=\"soft\" data-pid=\"\" data-review-target-width=\"300\" data-language=\"es\" > <div class=\"ti-widget-container ti-col-3\"> <div class=\"ti-reviews-container\"> <div class=\"ti-reviews-container-wrapper\">  <div data-empty=\"0\" class=\"ti-review-item source-Google\" > <div class=\"ti-inner\"> <div class=\"ti-review-header\"> <div class=\"ti-profile-img\"> <img decoding=\"async\" src=\"https:\/\/lh3.googleusercontent.com\/a\/ACg8ocLMI6TC7X2ntbbCzSeLAs4SZfpraa2zNfJ0Ennm80cl7cJvNA=s120-c-rp-mo-br100\" alt=\"Leonardo Cuadros\" \/> <\/div> <div class=\"ti-profile-details\"> <div class=\"ti-name\"> Leonardo Cuadros <\/div> <div class=\"ti-date\">20 Febrero 2024<\/div> <\/div> <\/div> <span class=\"ti-stars\"><span class=\"ti-star f\"><\/span><span class=\"ti-star f\"><\/span><span class=\"ti-star f\"><\/span><span class=\"ti-star f\"><\/span><span class=\"ti-star f\"><\/span><\/span> <div class=\"ti-review-text-container ti-review-content\"><!-- R-CONTENT -->Muy buen servicio<!-- R-CONTENT --><\/div> <span class=\"ti-read-more\" data-container=\".ti-review-content\" data-collapse-text=\"Ocultar\" data-open-text=\"Leer m\u00e1s\" ><\/span> <\/div> <\/div>  <div data-empty=\"0\" class=\"ti-review-item source-Google\" > <div class=\"ti-inner\"> <div class=\"ti-review-header\"> <div class=\"ti-profile-img\"> <img decoding=\"async\" src=\"https:\/\/lh3.googleusercontent.com\/a\/ACg8ocLhANCzSqoEVVni-rShFzeGbWpUm-ZGTh0lTIqvPDlqqUD8_w=s120-c-rp-mo-ba3-br100\" alt=\"Patricia Elizabeth Torres\" \/> <\/div> <div class=\"ti-profile-details\"> <div class=\"ti-name\"> Patricia Elizabeth Torres <\/div> <div class=\"ti-date\">11 Diciembre 2023<\/div> <\/div> <\/div> <span class=\"ti-stars\"><span class=\"ti-star f\"><\/span><span class=\"ti-star f\"><\/span><span class=\"ti-star f\"><\/span><span class=\"ti-star f\"><\/span><span class=\"ti-star f\"><\/span><\/span> <div class=\"ti-review-text-container ti-review-content\"><!-- R-CONTENT -->Hermoso lugar  muy buena atanci\u00f3n. Super recomendable<!-- R-CONTENT --><\/div> <span class=\"ti-read-more\" data-container=\".ti-review-content\" data-collapse-text=\"Ocultar\" data-open-text=\"Leer m\u00e1s\" ><\/span> <\/div> <\/div>  <div data-empty=\"1\" class=\"ti-review-item source-Google\" > <div class=\"ti-inner\"> <div class=\"ti-review-header\"> <div class=\"ti-profile-img\"> <img decoding=\"async\" src=\"https:\/\/lh3.googleusercontent.com\/a-\/ALV-UjUkWCezZKVREvTjkzCF5N_8BOdYqb-enTBHpRlN3FeGmmkOUwdi=s120-c-rp-mo-br100\" alt=\"MARIA ROSA ROMERO\" \/> <\/div> <div class=\"ti-profile-details\"> <div class=\"ti-name\"> MARIA ROSA ROMERO <\/div> <div class=\"ti-date\">4 Julio 2023<\/div> <\/div> <\/div> <span class=\"ti-stars\"><span class=\"ti-star f\"><\/span><span class=\"ti-star f\"><\/span><span class=\"ti-star f\"><\/span><span class=\"ti-star f\"><\/span><span class=\"ti-star f\"><\/span><\/span> <div class=\"ti-review-text-container ti-review-content\"><!-- R-CONTENT --><!-- R-CONTENT --><\/div> <span class=\"ti-read-more\" data-container=\".ti-review-content\" data-collapse-text=\"Ocultar\" data-open-text=\"Leer m\u00e1s\" ><\/span> <\/div> <\/div>  <\/div> <div class=\"ti-load-more-reviews-container\"> <div class=\"ti-load-more-reviews-button\" style=\"display: none\">Carga m\u00e1s<\/div> <\/div> <\/div>   <\/div> <\/div> <\/pre>\n","protected":false},"excerpt":{"rendered":"<p>Las Mariposas Eventos \u00a1Viv\u00ed una experiencia inolvidable! Festejar tu fiesta en nuestro sal\u00f3n es una experiencia inolvidable. Si te gusta lo verde, lo natural, contamos con un parque al aire libre. Tenemos opciones variadas de men\u00fa&nbsp; para cualquier tipo de evento. Tambi\u00e9n podes deleitar a tus invitados con nuestro men\u00fa de asado criollo, hecho por &hellip;<\/p>\n<p class=\"read-more\"> <a class=\"\" href=\"https:\/\/lasmariposaseventos.com\/inicio\/\"> <span class=\"screen-reader-text\">Inicio<\/span> Leer m\u00e1s &raquo;<\/a><\/p>\n","protected":false},"author":1,"featured_media":186,"parent":0,"menu_order":0,"comment_status":"closed","ping_status":"closed","template":"","meta":{"site-sidebar-layout":"default","site-content-layout":"boxed-container","ast-global-header-display":"","ast-banner-title-visibility":"","ast-main-header-display":"","ast-hfb-above-header-display":"","ast-hfb-below-header-display":"","ast-hfb-mobile-header-display":"","site-post-title":"disabled","ast-breadcrumbs-content":"","ast-featured-img":"","footer-sml-layout":"","theme-transparent-header-meta":"","adv-header-id-meta":"","stick-header-meta":"","header-above-stick-meta":"","header-main-stick-meta":"","header-below-stick-meta":"","footnotes":""},"class_list":["post-69","page","type-page","status-publish","has-post-thumbnail","hentry"],"yoast_head":"<!-- This site is optimized with the Yoast SEO plugin v23.3 - https:\/\/yoast.com\/wordpress\/plugins\/seo\/ -->\n<title>Inicio<\/title>\n<meta name=\"robots\" content=\"index, follow, max-snippet:-1, max-image-preview:large, max-video-preview:-1\" \/>\n<link rel=\"canonical\" href=\"https:\/\/lasmariposaseventos.com\/inicio\/\" \/>\n<meta property=\"og:locale\" content=\"es_ES\" \/>\n<meta property=\"og:type\" content=\"article\" \/>\n<meta property=\"og:title\" content=\"Inicio\" \/>\n<meta property=\"og:description\" content=\"Las Mariposas Eventos \u00a1Viv\u00ed una experiencia inolvidable! Festejar tu fiesta en nuestro sal\u00f3n es una experiencia inolvidable. Si te gusta lo verde, lo natural, contamos con un parque al aire libre. Tenemos opciones variadas de men\u00fa&nbsp; para cualquier tipo de evento. Tambi\u00e9n podes deleitar a tus invitados con nuestro men\u00fa de asado criollo, hecho por &hellip; Inicio Leer m\u00e1s &raquo;\" \/>\n<meta property=\"og:url\" content=\"https:\/\/lasmariposaseventos.com\/inicio\/\" \/>\n<meta property=\"og:site_name\" content=\"Las Mariposas Eventos\" \/>\n<meta property=\"article:modified_time\" content=\"2024-08-08T16:07:35+00:00\" \/>\n<meta property=\"og:image\" content=\"https:\/\/lasmariposaseventos.com\/wp-content\/uploads\/2023\/07\/banner1.png\" \/>\n\t<meta property=\"og:image:width\" content=\"2154\" \/>\n\t<meta property=\"og:image:height\" content=\"699\" \/>\n\t<meta property=\"og:image:type\" content=\"image\/png\" \/>\n<meta name=\"twitter:card\" content=\"summary_large_image\" \/>\n<meta name=\"twitter:label1\" content=\"Tiempo de lectura\" \/>\n\t<meta name=\"twitter:data1\" content=\"2 minutos\" \/>\n<script type=\"application\/ld+json\" class=\"yoast-schema-graph\">{\"@context\":\"https:\/\/schema.org\",\"@graph\":[{\"@type\":\"WebPage\",\"@id\":\"https:\/\/lasmariposaseventos.com\/inicio\/\",\"url\":\"https:\/\/lasmariposaseventos.com\/inicio\/\",\"name\":\"Inicio\",\"isPartOf\":{\"@id\":\"https:\/\/lasmariposaseventos.com\/inicio\/#website\"},\"primaryImageOfPage\":{\"@id\":\"https:\/\/lasmariposaseventos.com\/inicio\/#primaryimage\"},\"image\":{\"@id\":\"https:\/\/lasmariposaseventos.com\/inicio\/#primaryimage\"},\"thumbnailUrl\":\"https:\/\/lasmariposaseventos.com\/wp-content\/uploads\/2023\/07\/banner1.png\",\"datePublished\":\"2023-07-02T02:20:07+00:00\",\"dateModified\":\"2024-08-08T16:07:35+00:00\",\"breadcrumb\":{\"@id\":\"https:\/\/lasmariposaseventos.com\/inicio\/#breadcrumb\"},\"inLanguage\":\"es\",\"potentialAction\":[{\"@type\":\"ReadAction\",\"target\":[\"https:\/\/lasmariposaseventos.com\/inicio\/\"]}]},{\"@type\":\"ImageObject\",\"inLanguage\":\"es\",\"@id\":\"https:\/\/lasmariposaseventos.com\/inicio\/#primaryimage\",\"url\":\"https:\/\/lasmariposaseventos.com\/wp-content\/uploads\/2023\/07\/banner1.png\",\"contentUrl\":\"https:\/\/lasmariposaseventos.com\/wp-content\/uploads\/2023\/07\/banner1.png\",\"width\":2154,\"height\":699,\"caption\":\"Las Mariposas Eventos\"},{\"@type\":\"BreadcrumbList\",\"@id\":\"https:\/\/lasmariposaseventos.com\/inicio\/#breadcrumb\",\"itemListElement\":[{\"@type\":\"ListItem\",\"position\":1,\"name\":\"Portada\",\"item\":\"https:\/\/lasmariposaseventos.com\/inicio\/\"},{\"@type\":\"ListItem\",\"position\":2,\"name\":\"Inicio\"}]},{\"@type\":\"WebSite\",\"@id\":\"https:\/\/lasmariposaseventos.com\/inicio\/#website\",\"url\":\"https:\/\/lasmariposaseventos.com\/inicio\/\",\"name\":\"Las Mariposas Eventos\",\"description\":\"Sal\u00f3n de fiestas y eventos especiales\",\"potentialAction\":[{\"@type\":\"SearchAction\",\"target\":{\"@type\":\"EntryPoint\",\"urlTemplate\":\"https:\/\/lasmariposaseventos.com\/inicio\/?s={search_term_string}\"},\"query-input\":\"required name=search_term_string\"}],\"inLanguage\":\"es\"},{\"@type\":\"Person\",\"@id\":\"https:\/\/lasmariposaseventos.com\/inicio\/#\/schema\/person\/8992a346ad16f96dc1d4364319a70c82\",\"name\":\"ferchu.fr\",\"image\":{\"@type\":\"ImageObject\",\"inLanguage\":\"es\",\"@id\":\"https:\/\/lasmariposaseventos.com\/inicio\/#\/schema\/person\/image\/\",\"url\":\"https:\/\/secure.gravatar.com\/avatar\/b6eb79b060c313b9e42ac71bb233488f5e16aef9ce9901686fe717fc0ca63b1f?s=96&d=mm&r=g\",\"contentUrl\":\"https:\/\/secure.gravatar.com\/avatar\/b6eb79b060c313b9e42ac71bb233488f5e16aef9ce9901686fe717fc0ca63b1f?s=96&d=mm&r=g\",\"caption\":\"ferchu.fr\"},\"sameAs\":[\"https:\/\/lasmariposaseventos.com\"],\"url\":\"https:\/\/lasmariposaseventos.com\/inicio\/author\/ferchu-fr\/\"}]}<\/script>\n<!-- \/ Yoast SEO plugin. -->","yoast_head_json":{"title":"Inicio","robots":{"index":"index","follow":"follow","max-snippet":"max-snippet:-1","max-image-preview":"max-image-preview:large","max-video-preview":"max-video-preview:-1"},"canonical":"https:\/\/lasmariposaseventos.com\/inicio\/","og_locale":"es_ES","og_type":"article","og_title":"Inicio","og_description":"Las Mariposas Eventos \u00a1Viv\u00ed una experiencia inolvidable! Festejar tu fiesta en nuestro sal\u00f3n es una experiencia inolvidable. Si te gusta lo verde, lo natural, contamos con un parque al aire libre. Tenemos opciones variadas de men\u00fa&nbsp; para cualquier tipo de evento. Tambi\u00e9n podes deleitar a tus invitados con nuestro men\u00fa de asado criollo, hecho por &hellip; Inicio Leer m\u00e1s &raquo;","og_url":"https:\/\/lasmariposaseventos.com\/inicio\/","og_site_name":"Las Mariposas Eventos","article_modified_time":"2024-08-08T16:07:35+00:00","og_image":[{"width":2154,"height":699,"url":"https:\/\/lasmariposaseventos.com\/wp-content\/uploads\/2023\/07\/banner1.png","type":"image\/png"}],"twitter_card":"summary_large_image","twitter_misc":{"Tiempo de lectura":"2 minutos"},"schema":{"@context":"https:\/\/schema.org","@graph":[{"@type":"WebPage","@id":"https:\/\/lasmariposaseventos.com\/inicio\/","url":"https:\/\/lasmariposaseventos.com\/inicio\/","name":"Inicio","isPartOf":{"@id":"https:\/\/lasmariposaseventos.com\/inicio\/#website"},"primaryImageOfPage":{"@id":"https:\/\/lasmariposaseventos.com\/inicio\/#primaryimage"},"image":{"@id":"https:\/\/lasmariposaseventos.com\/inicio\/#primaryimage"},"thumbnailUrl":"https:\/\/lasmariposaseventos.com\/wp-content\/uploads\/2023\/07\/banner1.png","datePublished":"2023-07-02T02:20:07+00:00","dateModified":"2024-08-08T16:07:35+00:00","breadcrumb":{"@id":"https:\/\/lasmariposaseventos.com\/inicio\/#breadcrumb"},"inLanguage":"es","potentialAction":[{"@type":"ReadAction","target":["https:\/\/lasmariposaseventos.com\/inicio\/"]}]},{"@type":"ImageObject","inLanguage":"es","@id":"https:\/\/lasmariposaseventos.com\/inicio\/#primaryimage","url":"https:\/\/lasmariposaseventos.com\/wp-content\/uploads\/2023\/07\/banner1.png","contentUrl":"https:\/\/lasmariposaseventos.com\/wp-content\/uploads\/2023\/07\/banner1.png","width":2154,"height":699,"caption":"Las Mariposas Eventos"},{"@type":"BreadcrumbList","@id":"https:\/\/lasmariposaseventos.com\/inicio\/#breadcrumb","itemListElement":[{"@type":"ListItem","position":1,"name":"Portada","item":"https:\/\/lasmariposaseventos.com\/inicio\/"},{"@type":"ListItem","position":2,"name":"Inicio"}]},{"@type":"WebSite","@id":"https:\/\/lasmariposaseventos.com\/inicio\/#website","url":"https:\/\/lasmariposaseventos.com\/inicio\/","name":"Las Mariposas Eventos","description":"Sal\u00f3n de fiestas y eventos especiales","potentialAction":[{"@type":"SearchAction","target":{"@type":"EntryPoint","urlTemplate":"https:\/\/lasmariposaseventos.com\/inicio\/?s={search_term_string}"},"query-input":"required name=search_term_string"}],"inLanguage":"es"},{"@type":"Person","@id":"https:\/\/lasmariposaseventos.com\/inicio\/#\/schema\/person\/8992a346ad16f96dc1d4364319a70c82","name":"ferchu.fr","image":{"@type":"ImageObject","inLanguage":"es","@id":"https:\/\/lasmariposaseventos.com\/inicio\/#\/schema\/person\/image\/","url":"https:\/\/secure.gravatar.com\/avatar\/b6eb79b060c313b9e42ac71bb233488f5e16aef9ce9901686fe717fc0ca63b1f?s=96&d=mm&r=g","contentUrl":"https:\/\/secure.gravatar.com\/avatar\/b6eb79b060c313b9e42ac71bb233488f5e16aef9ce9901686fe717fc0ca63b1f?s=96&d=mm&r=g","caption":"ferchu.fr"},"sameAs":["https:\/\/lasmariposaseventos.com"],"url":"https:\/\/lasmariposaseventos.com\/inicio\/author\/ferchu-fr\/"}]}},"_links":{"self":[{"href":"https:\/\/lasmariposaseventos.com\/inicio\/wp-json\/wp\/v2\/pages\/69","targetHints":{"allow":["GET"]}}],"collection":[{"href":"https:\/\/lasmariposaseventos.com\/inicio\/wp-json\/wp\/v2\/pages"}],"about":[{"href":"https:\/\/lasmariposaseventos.com\/inicio\/wp-json\/wp\/v2\/types\/page"}],"author":[{"embeddable":true,"href":"https:\/\/lasmariposaseventos.com\/inicio\/wp-json\/wp\/v2\/users\/1"}],"replies":[{"embeddable":true,"href":"https:\/\/lasmariposaseventos.com\/inicio\/wp-json\/wp\/v2\/comments?post=69"}],"version-history":[{"count":20,"href":"https:\/\/lasmariposaseventos.com\/inicio\/wp-json\/wp\/v2\/pages\/69\/revisions"}],"predecessor-version":[{"id":226,"href":"https:\/\/lasmariposaseventos.com\/inicio\/wp-json\/wp\/v2\/pages\/69\/revisions\/226"}],"wp:featuredmedia":[{"embeddable":true,"href":"https:\/\/lasmariposaseventos.com\/inicio\/wp-json\/wp\/v2\/media\/186"}],"wp:attachment":[{"href":"https:\/\/lasmariposaseventos.com\/inicio\/wp-json\/wp\/v2\/media?parent=69"}],"curies":[{"name":"wp","href":"https:\/\/api.w.org\/{rel}","templated":true}]}}